{"id":43,"date":"2014-02-08T21:41:23","date_gmt":"2014-02-08T20:41:23","guid":{"rendered":"http:\/\/trophycenter.apps-1and1.net\/?page_id=43"},"modified":"2026-01-22T12:08:42","modified_gmt":"2026-01-22T11:08:42","slug":"disclaimer","status":"publish","type":"page","link":"https:\/\/trophy-center.de\/en\/disclaimer\/","title":{"rendered":"Disclaimer"},"content":{"rendered":"<h1><strong style=\"font-size: 14px; line-height: 1.5em;\">Trophy Center Engraving &amp; Military Awards UG (haftungsbeschr\u00e4nkt)<\/strong><\/h1>\n<p>Weilerbacher Stra\u00dfe 110<\/p>\n<p>D-67661 Kaiserslautern &#8211; Einsiedlerhof<\/p>\n<p>Phone: 0631 680 31 680&nbsp; \/&nbsp; WhatsApp: 0631 680 31 680<br \/>\nE-Mail: info@trophy-center.de<\/p>\n<p><strong>Gesch\u00e4ftsf\u00fchrer \/ Owner \/ Manager:<\/strong><\/p>\n<p>Sandra Kulbick&nbsp; |&nbsp; J.R. Kulbick<\/p>\n<p><a href=\"https:\/\/trophy-center.de\/wp-content\/uploads\/2026\/01\/Mr.-Mrs.-K-CEOs-Trophy-Center-KL.jpg\"><img loading=\"lazy\" decoding=\"async\" class=\"alignnone size-medium wp-image-6444\" src=\"https:\/\/trophy-center.de\/wp-content\/uploads\/2026\/01\/Mr.-Mrs.-K-CEOs-Trophy-Center-KL-300x225.jpg\" alt=\"\" width=\"300\" height=\"225\" srcset=\"https:\/\/trophy-center.de\/wp-content\/uploads\/2026\/01\/Mr.-Mrs.-K-CEOs-Trophy-Center-KL-300x225.jpg 300w, https:\/\/trophy-center.de\/wp-content\/uploads\/2026\/01\/Mr.-Mrs.-K-CEOs-Trophy-Center-KL-768x576.jpg 768w, https:\/\/trophy-center.de\/wp-content\/uploads\/2026\/01\/Mr.-Mrs.-K-CEOs-Trophy-Center-KL.jpg 800w\" sizes=\"auto, (max-width: 300px) 100vw, 300px\" \/><\/a><\/p>\n<p>&nbsp;<\/p>\n<p>WE ARE NOT AFFILIATED WITH ANY STORES OR WANNABE ENGRAVERS \/ GIFT SHOPS AT RAMSTEIN AIR BASE OR SOMEWHERE ELSE!<br \/>\nONLY IN KAISERSLAUTERN-EINSIEDLERHOF<\/p>\n<p><strong>Company Mascot:<\/strong><\/p>\n<p>Cane Corso&nbsp; |&nbsp; Big Hank vom Wehinger Land<\/p>\n<p><a href=\"https:\/\/trophy-center.de\/wp-content\/uploads\/2024\/07\/Big-Hank-iz-watchin-you.jpg\"><img loading=\"lazy\" decoding=\"async\" class=\"alignnone size-medium wp-image-6123\" src=\"https:\/\/trophy-center.de\/wp-content\/uploads\/2024\/07\/Big-Hank-iz-watchin-you-300x225.jpg\" alt=\"\" width=\"300\" height=\"225\" srcset=\"https:\/\/trophy-center.de\/wp-content\/uploads\/2024\/07\/Big-Hank-iz-watchin-you-300x225.jpg 300w, https:\/\/trophy-center.de\/wp-content\/uploads\/2024\/07\/Big-Hank-iz-watchin-you-768x576.jpg 768w, https:\/\/trophy-center.de\/wp-content\/uploads\/2024\/07\/Big-Hank-iz-watchin-you.jpg 800w\" sizes=\"auto, (max-width: 300px) 100vw, 300px\" \/><\/a><\/p>\n<p>&nbsp;<\/p>\n<p><strong>Handelsregisternummer:<\/strong> HRB 31678<\/p>\n<p><strong>Registergericht:<\/strong> Amtsgericht Kaiserslautern<\/p>\n<p><strong>Umsatzsteuer ID Nummer :<\/strong> DE295029678<\/p>\n<p><strong>Verantworlich f\u00fcr den Inhalt \/ Responsible for Content<\/strong> Trophy Center Engraving &amp; Military Awards UG (haftungsbeschr\u00e4nkt)<\/p>\n<p><strong>Urheberrecht \/ Copyright<\/strong><\/p>\n<p>Alle Inhalte dieser Website einschlie\u00dflich der Gestaltung und Programmierung unterliegen dem Urheberrecht (Copyright). Alle Rechte vorbehalten, alle Angaben ohne Gew\u00e4hr, \u00c4nderungen vorbehalten. Die Verwendung von Text- und Bildmaterial ist nur mit ausdr\u00fccklicher Genehmigung zul\u00e4ssig. Sofern diese Website Links zu Websites in anderen Verantwortungsbereichen enth\u00e4lt, distanzieren wir uns ausdr\u00fccklich von deren Inhalt. All of the contents of this website, including the design, graphics and programming are copyrighted. All rights are reserved, including the right to change the contents and the products. All information provided on this website is provided without warranty or guaranty \u2013whether express or implicit. Use of text copy, images or graphics is strictly forbidden without prior express permission. We do not accept responsibility for the contents of websites that are linked to our Internet site.<\/p>\n<p><strong>Haftung f\u00fcr Links \/ Liability for Links<\/strong><\/p>\n<p>Mit dem Urteil vom 12. September 1999 &#8211; 312 O 85\/99 &#8216;Haftung f\u00fcr Links&#8217; hat das Landgericht Hamburg entschieden, da\u00df man durch die Ausbringung eines Links die Inhalte der gelinkten Seite ggf. mit zu verantworten hat. Dieses kann &#8211; so das LG &#8211; nur dadurch verhindert werden, da\u00df man sich ausdr\u00fccklich von diesen Inhalten distanziert. Hiermit distanzieren wir uns ausdr\u00fccklich von allen Inhalten verlinkter Seiten oder Grafiken und machen uns diese keinesfalls zu eigen. S\u00e4mtliche Verst\u00f6\u00dfe gegen geltendes Recht, Sitte oder Moral, welche uns bekannt werden, haben sofortige L\u00f6schung von Links, Eintr\u00e4gen, Grafiken oder \u00e4hnlichem zur Folge. Ruling 312 O 85\/99 by the Hamburg District Court from September 12, 1999, &#8216;Haftung f\u00fcr Links&#8217; (Liability for Links) states that if the operator of the website does not explicitly distance himself from the contents of the websites to which the operator\u2019s website is linked, he may, if applicable, be held liable. We herewith disassociate ourselves and our company from all content and graphics on other websites and renounce acceptance or ownership of such. We will immediately remove any links, items, and graphics or content that we deem to be in violation of valid laws, social or religious customs, beliefs or ethics as soon as we become aware of their existence.<\/p>\n<p><strong>Keine Haftung \/ No Liability<\/strong><\/p>\n<p>Die Inhalte dieses Webprojektes wurden sorgf\u00e4ltig gepr\u00fcft und nach bestem Wissen erstellt. Aber f\u00fcr die hier dargebotenen Informationen wird kein Anspruch auf Vollst\u00e4ndigkeit, Aktualit\u00e4t, Qualit\u00e4t und Richtigkeit erhoben. Es kann keine Verantwortung f\u00fcr Sch\u00e4den \u00fcbernommen werden, die durch das Vertrauen auf die Inhalte dieser Website oder deren Gebrauch entstehen. The contents of this website has been carefully checked and to the best of our knowledge. But for the information presented here is no claim to completeness, timeliness, quality and accuracy. It can not be held responsible for damage to be caused by reliance on the contents of this website or its use.<\/p>\n","protected":false},"excerpt":{"rendered":"<p>Trophy Center Engraving &amp; Military Awards UG (haftungsbeschr\u00e4nkt) Weilerbacher Stra\u00dfe 110 D-67661 Kaiserslautern &#8211; Einsiedlerhof Phone: 0631 680 31 680&nbsp; \/&nbsp; WhatsApp: 0631 680 31 680 E-Mail: info@trophy-center.de Gesch\u00e4ftsf\u00fchrer \/ Owner \/ Manager: Sandra Kulbick&nbsp; |&nbsp; J.R. Kulbick &nbsp; WE ARE NOT AFFILIATED WITH ANY STORES OR WANNABE ENGRAVERS \/ GIFT SHOPS AT RAMSTEIN AIR [&hellip;]<\/p>\n","protected":false},"author":1,"featured_media":0,"parent":0,"menu_order":0,"comment_status":"closed","ping_status":"closed","template":"","meta":{"ngg_post_thumbnail":0,"footnotes":""},"class_list":["post-43","page","type-page","status-publish","hentry"],"_links":{"self":[{"href":"https:\/\/trophy-center.de\/en\/wp-json\/wp\/v2\/pages\/43","targetHints":{"allow":["GET"]}}],"collection":[{"href":"https:\/\/trophy-center.de\/en\/wp-json\/wp\/v2\/pages"}],"about":[{"href":"https:\/\/trophy-center.de\/en\/wp-json\/wp\/v2\/types\/page"}],"author":[{"embeddable":true,"href":"https:\/\/trophy-center.de\/en\/wp-json\/wp\/v2\/users\/1"}],"replies":[{"embeddable":true,"href":"https:\/\/trophy-center.de\/en\/wp-json\/wp\/v2\/comments?post=43"}],"version-history":[{"count":56,"href":"https:\/\/trophy-center.de\/en\/wp-json\/wp\/v2\/pages\/43\/revisions"}],"predecessor-version":[{"id":6445,"href":"https:\/\/trophy-center.de\/en\/wp-json\/wp\/v2\/pages\/43\/revisions\/6445"}],"wp:attachment":[{"href":"https:\/\/trophy-center.de\/en\/wp-json\/wp\/v2\/media?parent=43"}],"curies":[{"name":"wp","href":"https:\/\/api.w.org\/{rel}","templated":true}]}}